{"id":4421,"date":"2023-01-28T14:43:31","date_gmt":"2023-01-28T14:43:31","guid":{"rendered":"https:\/\/www.monzacoffee.com\/?page_id=4421"},"modified":"2023-01-28T16:35:19","modified_gmt":"2023-01-28T16:35:19","slug":"datenschutzerklaerung","status":"publish","type":"page","link":"https:\/\/www.monzacoffee.com\/index.php\/datenschutzerklaerung\/","title":{"rendered":"Datenschutzerkl\u00e4rung"},"content":{"rendered":"\n<p class=\"has-black-color has-text-color\"><strong>Datenschutzerkl\u00e4rung<\/strong><\/p>\n\n\n\n<p class=\"has-black-color has-text-color\">Soweit nachstehend keine anderen Angaben gemacht werden, ist die Bereitstellung Ihrer personenbezogenen Daten weder gesetzlich oder vertraglich vorgeschrieben, noch f\u00fcr einen Vertragsabschluss erforderlich. Sie sind zur Bereitstellung der Daten nicht verpflichtet. Eine Nichtbereitstellung hat keine Folgen. Dies gilt nur soweit bei den nachfolgenden Verarbeitungsvorg\u00e4ngen keine anderweitige Angabe gemacht wird.<br>&#8222;Personenbezogene Daten&#8220; sind alle Informationen, die sich auf eine identifizierte oder identifizierbare nat\u00fcrliche Person beziehen.<\/p>\n\n\n\n<p class=\"has-black-color has-text-color\"><strong>Server-Logfiles<\/strong><\/p>\n\n\n\n<p class=\"has-black-color has-text-color\">Sie k\u00f6nnen unsere Webseiten besuchen, ohne Angaben zu Ihrer Person zu machen.&nbsp;<\/p>\n\n\n\n<p class=\"has-black-color has-text-color\">Bei jedem Zugriff auf unsere Website werden an uns oder unseren Webhoster \/ IT-Dienstleister Nutzungsdaten durch Ihren Internet Browser \u00fcbermittelt und in Protokolldaten (sog. Server-Logfiles) gespeichert. Zu diesen gespeicherten Daten geh\u00f6ren z.B. der Name der aufgerufenen Seite, Datum und Uhrzeit des Abrufs, die IP-Adresse, die \u00fcbertragene Datenmenge und der anfragende Provider. Die Verarbeitung erfolgt auf Grundlage des Art. 6 Abs. 1 lit. f DSGVO aus unserem \u00fcberwiegenden berechtigten Interesse an der Gew\u00e4hrleistung eines st\u00f6rungsfreien Betriebs unserer Website sowie zur Verbesserung unseres Angebotes.&nbsp;<br><em><strong>Kontakt<\/strong><\/em><\/p>\n\n\n\n<p class=\"has-black-color has-text-color\"><strong>Verantwortlicher<\/strong><strong><\/strong><br>Kontaktieren Sie uns auf Wunsch.&nbsp;Verantwortlicher f\u00fcr die Datenverarbeitung ist:&nbsp;Marco Siciliano,&nbsp;Bundenweg 31,&nbsp;60320&nbsp;Frankfurt&nbsp;Deutschland,&nbsp;+496925626487,&nbsp;info@monzacoffee.com<\/p>\n\n\n\n<p class=\"has-black-color has-text-color\"><strong>Initiativ-Kontaktaufnahme des Kunden per E-Mail<\/strong><br>Wenn Sie per E-Mail initiativ mit uns in Gesch\u00e4ftskontakt treten, erheben wir Ihre personenbezogenen Daten (Name, E-Mail-Adresse, Nachrichtentext) nur in dem von Ihnen zur Verf\u00fcgung gestellten Umfang. Die Datenverarbeitung dient der Bearbeitung und Beantwortung Ihrer Kontaktanfrage.<br>Wenn die Kontaktaufnahme der Durchf\u00fchrung vorvertraglichen Ma\u00dfnahmen (bspw. Beratung bei Kaufinteresse, Angebotserstellung) dient oder einen bereits zwischen Ihnen und uns geschlossenen Vertrag betrifft, erfolgt diese Datenverarbeitung auf Grundlage des Art. 6 Abs. 1 lit. b DSGVO.<br>Erfolgt die Kontaktaufnahme aus anderen Gr\u00fcnden erfolgt diese Datenverarbeitung auf Grundlage des Art. 6 Abs. 1 lit. f DSGVO aus unserem \u00fcberwiegenden berechtigten Interesse an der Bearbeitung und Beantwortung Ihrer Anfrage.&nbsp;<em><strong>In diesem Fall haben Sie das Recht, aus Gr\u00fcnden, die sich aus Ihrer besonderen Situation ergeben, jederzeit dieser auf Art. 6 Abs. 1 lit. f DSGVO beruhenden Verarbeitungen Sie betreffender personenbezogener Daten zu widersprechen.<\/strong><\/em><br>Ihre E-Mail-Adresse nutzen wir nur zur Bearbeitung Ihrer Anfrage. Ihre Daten werden anschlie\u00dfend unter Beachtung gesetzlicher Aufbewahrungsfristen gel\u00f6scht, sofern Sie der weitergehenden Verarbeitung und Nutzung nicht zugestimmt haben.<br>&nbsp;<\/p>\n\n\n\n<p class=\"has-black-color has-text-color\"><strong><em>Cookies<\/em><\/strong><\/p>\n\n\n\n<p class=\"has-black-color has-text-color\">Unsere Website verwendet Cookies. Cookies sind kleine Textdateien, die im Internetbrowser bzw. vom Internetbrowser auf dem Computersystem eines Nutzers gespeichert werden. Ruft ein Nutzer eine Website auf, so kann ein Cookie auf dem Betriebssystem des Nutzers gespeichert werden. Dieser Cookie enth\u00e4lt eine charakteristische Zeichenfolge, die eine eindeutige Identifizierung des Browsers beim erneuten Aufrufen der Website erm\u00f6glicht.<\/p>\n\n\n\n<p class=\"has-black-color has-text-color\">Cookies werden auf Ihrem Rechner gespeichert. Daher haben Sie die volle Kontrolle \u00fcber die Verwendung von Cookies. Durch die Auswahl entsprechender technischer Einstellungen in Ihrem Internetbrowser k\u00f6nnen Sie vor dem Setzen von Cookies benachrichtigt werden und \u00fcber die Annahme einzeln entscheiden sowie die Speicherung der Cookies und \u00dcbermittlung der enthaltenen Daten verhindern. Bereits gespeicherte Cookies k\u00f6nnen jederzeit gel\u00f6scht werden. Wir weisen Sie jedoch darauf hin, dass Sie dann gegebenenfalls nicht s\u00e4mtliche Funktionen dieser Website vollumf\u00e4nglich werden nutzen k\u00f6nnen.<\/p>\n\n\n\n<p class=\"has-black-color has-text-color\">Unter den nachstehenden Links k\u00f6nnen Sie sich informieren, wie Sie die Cookies bei den wichtigsten Browsern verwalten (u.a. auch deaktivieren) k\u00f6nnen:<\/p>\n\n\n\n<p class=\"has-black-color has-text-color\">Chrome:&nbsp;<a href=\"https:\/\/support.google.com\/accounts\/answer\/61416?hl=de\" target=\"_blank\" rel=\"noreferrer noopener\">https:\/\/support.google.com\/accounts\/answer\/61416?hl=de<\/a><br>Internet Explorer:&nbsp;<a href=\"https:\/\/support.microsoft.com\/de-de\/help\/17442\/windows-internet-explorer-delete-manage-cookies\" target=\"_blank\" rel=\"noreferrer noopener\">https:\/\/support.microsoft.com\/de-de\/help\/17442\/windows-internet-explorer-delete-manage-cookies<\/a><\/p>\n\n\n\n<p class=\"has-black-color has-text-color\">Mozilla Firefox:&nbsp;<a href=\"https:\/\/support.mozilla.org\/de\/kb\/cookies-erlauben-und-ablehnen\" target=\"_blank\" rel=\"noreferrer noopener\">https:\/\/support.mozilla.org\/de\/kb\/cookies-erlauben-und-ablehnen<\/a><\/p>\n\n\n\n<p class=\"has-black-color has-text-color\">Safari:&nbsp;<a href=\"https:\/\/support.apple.com\/de-de\/guide\/safari\/manage-cookies-and-website-data-sfri11471\/mac\" target=\"_blank\" rel=\"noreferrer noopener\">https:\/\/support.apple.com\/de-de\/guide\/safari\/manage-cookies-and-website-data-sfri11471\/mac<\/a><\/p>\n\n\n\n<p class=\"has-black-color has-text-color\"><strong>Technisch notwendige Cookies<\/strong><\/p>\n\n\n\n<p class=\"has-black-color has-text-color\">Soweit nachstehend in der Datenschutzerkl\u00e4rung keine anderen Angaben gemacht werden setzen wir nur diese technisch notwendigen Cookies zu dem Zweck ein, unser Angebot nutzerfreundlicher, effektiver und sicherer zu machen. Des Weiteren erm\u00f6glichen Cookies unseren Systemen, Ihren Browser auch nach einem Seitenwechsel zu erkennen und Ihnen Services anzubieten. Einige Funktionen unserer Internetseite k\u00f6nnen ohne den Einsatz von Cookies nicht angeboten werden. F\u00fcr diese ist es erforderlich, dass der Browser auch nach einem Seitenwechsel wiedererkannt wird.<\/p>\n\n\n\n<p class=\"has-black-color has-text-color\">Die Nutzung von Cookies oder vergleichbarer Technologien erfolgt auf Grundlage des \u00a7 25 Abs. 2 TTDSG. Die Verarbeitung Ihrer personenbezogenen Daten erfolgt auf Grundlage des Art. 6 Abs. 1 lit. f DSGVO aus unserem \u00fcberwiegenden berechtigten Interesse&nbsp;an der Gew\u00e4hrleistung der optimalen Funktionalit\u00e4t der Website sowie einer nutzerfreundlichen und effektiven Gestaltung unseres Angebots.<\/p>\n\n\n\n<p class=\"has-black-color has-text-color\"><em><strong>Sie haben das Recht aus Gr\u00fcnden, die sich aus Ihrer besonderen Situation ergeben, jederzeit dieser Verarbeitungen Sie betreffender personenbezogener Daten zu widersprechen.<\/strong><\/em><br><strong>Verwendung von Consentmanager<\/strong><br>Wir verwenden auf unserer Website das Consent-Management-Tool Consentmanager der&nbsp;Consentmanager AB&nbsp;(H\u00e5ltegelv\u00e4gen 1b, 72348 V\u00e4ster\u00e5s, Schweden; &#8222;Consentmanager&#8220;).<br>Das Tool erm\u00f6glicht es Ihnen, Einwilligungen in Datenverarbeitungen \u00fcber die Website, insbesondere das Setzen von Cookies, zu erteilen sowie von Ihrem Widerrufsrecht f\u00fcr bereits erteilte Einwilligungen Gebrauch zu machen.<br>Die Datenverarbeitung dient dem Zweck, erforderliche Einwilligungen in Datenverarbeitungen einzuholen sowie zu dokumentieren und damit gesetzliche Verpflichtungen einzuhalten.<br>Hierzu k\u00f6nnen Cookies eingesetzt werden. Dabei k\u00f6nnen u. a. folgende Informationen erhoben und an Consentmanager \u00fcbermittelt werden: Datum und Uhrzeit des Seitenaufrufs, Informationen zu dem von Ihnen verwendeten Browser und das von Ihnen genutzte Ger\u00e4t, anonymisierte IP-Adresse, Opt-in- und Opt-out-Daten. Eine Weitergabe dieser Daten an sonstige Dritte erfolgt nicht.<br>Die Datenverarbeitung erfolgt zur Erf\u00fcllung einer rechtlichen Verpflichtung auf Grundlage des Art. 6 Abs. 1 lit. c DSGVO.<br>N\u00e4here Informationen zum Datenschutz bei Consentmanager finden Sie unter:&nbsp;<a href=\"https:\/\/www.consentmanager.net\/privacy.php\" target=\"_blank\" rel=\"noreferrer noopener\">https:\/\/www.consentmanager.net\/privacy.php<\/a><\/p>\n\n\n\n<p class=\"has-black-color has-text-color\"><strong><em>Plug-ins und Sonstiges<\/em><\/strong><\/p>\n\n\n\n<p class=\"has-black-color has-text-color\"><strong>Verwendung von GoogleMaps<\/strong><br>Wir verwenden auf unserer Website die Funktion zur Einbettung von GoogleMaps-Karten der&nbsp;Google Ireland Limited (Gordon House, Barrow Street, Dublin 4, Irland;&nbsp;\u201eGoogle\u201c).<br>Die Funktion erm\u00f6glicht die visuelle Darstellung von geographischen Informationen und interaktiven Landkarten. Dabei werden von Google bei Aufrufen der Seiten, in die GoogleMaps-Karten eingebunden sind, auch Daten der Besucher der Websites erhoben, verarbeitet und genutzt.<br>Ihre Daten werden dabei gegebenenfalls auch in die USA \u00fcbermittelt.&nbsp;F\u00fcr die USA ist kein Angemessenheitsbeschluss der EU-Kommission vorhanden. Die Daten\u00fcbermittlung erfolgt u.a auf Grundlage von Standardvertragsklauseln als geeignete Garantien f\u00fcr den Schutz der personenbezogenen Daten, einsehbar unter:&nbsp;<a href=\"https:\/\/policies.google.com\/privacy\/frameworks\" target=\"_blank\" rel=\"noreferrer noopener\">https:\/\/policies.google.com\/privacy\/frameworks<\/a>.<br>Die Verarbeitung Ihrer personenbezogenen Daten erfolgt auf Grundlage des Art. 6 Abs. 1 lit. f DSGVO aus unserem \u00fcberwiegenden berechtigten Interesse an der bedarfsgerechten und zielgerichteten Gestaltung der Website.&nbsp;<em><strong>Sie haben das Recht aus Gr\u00fcnden, die sich aus Ihrer besonderen Situation ergeben, jederzeit dieser Verarbeitungen Sie betreffender personenbezogener Daten zu widersprechen.<\/strong><\/em><br>N\u00e4here Informationen zur Erhebung und Nutzung der Daten durch Google finden Sie in den Datenschutzhinweisen von Google unter&nbsp;<a href=\"https:\/\/www.google.com\/privacypolicy.html\" target=\"_blank\" rel=\"noreferrer noopener\">https:\/\/www.google.com\/privacypolicy.html<\/a>. Dort haben Sie auch im Datenschutzcenter die M\u00f6glichkeit, Ihre Einstellungen zu ver\u00e4ndern, so dass Sie Ihre von Google verarbeiteten Daten verwalten und sch\u00fctzen k\u00f6nnen.<\/p>\n\n\n\n<p class=\"has-black-color has-text-color\"><strong>Verwendung von Google Fonts<\/strong><br>Wir verwenden auf unserer Website Google Fonts der Google Ireland Limited (Gordon House, Barrow Street, Dublin 4, Irland; \u201cGoogle\u201d).<br>Die Datenverarbeitung dient dem Zweck der einheitlichen Darstellung von Schriftarten auf unserer Website. Um die Schriftarten zu laden, wird beim Seitenaufruf eine Verbindung zu Servern von Google hergestellt. Hierbei k\u00f6nnen Cookies eingesetzt werden. Dabei wird u.a. Ihre IP-Adresse sowie Informationen zu dem von Ihnen genutzten Browser verarbeitet und an Google \u00fcbermittelt. Diese Daten werden nicht mit Ihrem Google-Konto verkn\u00fcpft.<br>Ihre Daten werden gegebenenfalls in die USA \u00fcbermittelt. F\u00fcr die USA ist kein Angemessenheitsbeschluss der EU-Kommission vorhanden. Die Daten\u00fcbermittlung erfolgt u.a auf Grundlage von Standardvertragsklauseln als geeignete Garantien f\u00fcr den Schutz der personenbezogenen Daten, einsehbar unter:&nbsp;<a href=\"https:\/\/policies.google.com\/privacy\/frameworks\" target=\"_blank\" rel=\"noreferrer noopener\">https:\/\/policies.google.com\/privacy\/frameworks<\/a>.<br>Die Nutzung von Cookies oder vergleichbarer Technologien erfolgt mit Ihrer Einwilligung auf Grundlage des \u00a7 25 Abs. 1 S. 1 TTDSG i.V.m. Art. 6 Abs. 1 lit. a DSGVO. Die Verarbeitung Ihrer personenbezogenen Daten erfolgt mit Ihrer Einwilligung auf Grundlage des Art. 6 Abs. 1 lit. a DSGVO. Sie k\u00f6nnen die Einwilligung jederzeit widerrufen, ohne dass die Rechtm\u00e4\u00dfigkeit der aufgrund der Einwilligung bis zum Widerruf erfolgten Verarbeitung ber\u00fchrt wird.<br>N\u00e4here Informationen zur Datenverarbeitung und zum Datenschutz finden Sie unter&nbsp;<a href=\"https:\/\/www.google.de\/intl\/de\/policies\/\" target=\"_blank\" rel=\"noreferrer noopener\">https:\/\/www.google.de\/intl\/de\/policies\/<\/a>&nbsp;sowie unter&nbsp;<a href=\"https:\/\/developers.google.com\/fonts\/faq\" target=\"_blank\" rel=\"noreferrer noopener\">https:\/\/developers.google.com\/fonts\/faq<\/a>.<\/p>\n\n\n\n<p class=\"has-black-color has-text-color\"><strong><em>Betroffenenrechte und Speicherdauer<\/em><\/strong><\/p>\n\n\n\n<p class=\"has-black-color has-text-color\"><strong>Dauer der Speicherung<\/strong><\/p>\n\n\n\n<p class=\"has-black-color has-text-color\">Die Daten werden unter Ber\u00fccksichtigung gesetzlicher Aufbewahrungsfristen gespeichert und dann nach Fristablauf gel\u00f6scht, sofern Sie der weitergehenden Verarbeitung und Nutzung nicht zugestimmt haben.<br><strong>Rechte der betroffenen Person<\/strong><br>Ihnen stehen bei Vorliegen der gesetzlichen Voraussetzungen folgende Rechte nach Art. 15 bis 20 DSGVO zu: Recht auf Auskunft, auf Berichtigung, auf L\u00f6schung, auf Einschr\u00e4nkung der Verarbeitung, auf Daten\u00fcbertragbarkeit.<br>Au\u00dferdem steht Ihnen nach Art. 21 Abs. 1 DSGVO ein Widerspruchsrecht gegen die Verarbeitungen zu, die auf Art. 6 Abs. 1 f DSGVO beruhen, sowie gegen die Verarbeitung zum Zwecke von Direktwerbung.<\/p>\n\n\n\n<p class=\"has-black-color has-text-color\"><strong>Beschwerderecht bei der Aufsichtsbeh\u00f6rde<\/strong><br>Sie haben gem\u00e4\u00df Art. 77 DSGVO das Recht, sich bei der Aufsichtsbeh\u00f6rde zu beschweren, wenn Sie der Ansicht sind, dass die Verarbeitung Ihrer personenbezogenen Daten nicht rechtm\u00e4\u00dfig erfolgt.<\/p>\n\n\n\n<p class=\"has-black-color has-text-color\">Eine Beschwerde k\u00f6nnen Sie unter anderem bei der f\u00fcr uns zust\u00e4ndigen Aufsichtsbeh\u00f6rde einlegen, die Sie unter folgenden Kontaktdaten erreichen:<\/p>\n\n\n\n<p class=\"has-black-color has-text-color\">Hessischer Beauftragter f\u00fcr Datenschutz und Informationsfreiheit<br>Postfach 3163<br>65021 Wiesbaden<br>Tel.: +49 611 14080<br>Fax: +49 611 1408900 oder +49 611 1408901<br>E-Mail: poststelle@datenschutz.hessen.de<\/p>\n\n\n\n<p class=\"has-black-color has-text-color\"><strong>Widerspruchsrecht<\/strong><br>Beruhen die hier aufgef\u00fchrten personenbezogenen Datenverarbeitungen auf Grundlage unseres berechtigten Interesses nach Art. 6 Abs. 1 lit. f DSGVO, haben Sie das Recht aus Gr\u00fcnden, die sich aus Ihrer besonderen Situation ergeben, jederzeit diesen Verarbeitungen mit Wirkung f\u00fcr die Zukunft zu widersprechen.<br>Nach erfolgtem Widerspruch wird die Verarbeitung der betroffenen Daten beendet, es sei denn, wir k\u00f6nnen zwingende schutzw\u00fcrdige Gr\u00fcnde f\u00fcr die Verarbeitung nachweisen, die Ihren Interessen, Rechten und Freiheiten \u00fcberwiegen, oder wenn die Verarbeitung der Geltendmachung, Aus\u00fcbung oder Verteidigung von Rechtsanspr\u00fcchen dient.<\/p>\n\n\n\n<p class=\"has-black-color has-text-color\">letzte Aktualisierung: 29.11.2022<\/p>\n","protected":false},"excerpt":{"rendered":"Datenschutzerkl\u00e4rung Soweit nachstehend keine anderen Angaben gemacht werden, ist die Bereitstellung Ihrer personenbezogenen Daten weder gesetzlich oder vertraglich vorgeschrieben, noch f\u00fcr einen Vertragsabschluss ...","protected":false},"author":2,"featured_media":0,"parent":0,"menu_order":0,"comment_status":"closed","ping_status":"closed","template":"","meta":{"footnotes":""},"class_list":["post-4421","page","type-page","status-publish","hentry"],"_links":{"self":[{"href":"https:\/\/www.monzacoffee.com\/index.php\/wp-json\/wp\/v2\/pages\/4421","targetHints":{"allow":["GET"]}}],"collection":[{"href":"https:\/\/www.monzacoffee.com\/index.php\/wp-json\/wp\/v2\/pages"}],"about":[{"href":"https:\/\/www.monzacoffee.com\/index.php\/wp-json\/wp\/v2\/types\/page"}],"author":[{"embeddable":true,"href":"https:\/\/www.monzacoffee.com\/index.php\/wp-json\/wp\/v2\/users\/2"}],"replies":[{"embeddable":true,"href":"https:\/\/www.monzacoffee.com\/index.php\/wp-json\/wp\/v2\/comments?post=4421"}],"version-history":[{"count":5,"href":"https:\/\/www.monzacoffee.com\/index.php\/wp-json\/wp\/v2\/pages\/4421\/revisions"}],"predecessor-version":[{"id":4469,"href":"https:\/\/www.monzacoffee.com\/index.php\/wp-json\/wp\/v2\/pages\/4421\/revisions\/4469"}],"wp:attachment":[{"href":"https:\/\/www.monzacoffee.com\/index.php\/wp-json\/wp\/v2\/media?parent=4421"}],"curies":[{"name":"wp","href":"https:\/\/api.w.org\/{rel}","templated":true}]}}